{"id":2535,"date":"2018-08-21T10:38:15","date_gmt":"2018-08-21T08:38:15","guid":{"rendered":"https:\/\/relaunch.drautrans.co.at\/impressum\/"},"modified":"2022-02-17T10:56:51","modified_gmt":"2022-02-17T09:56:51","slug":"imprint","status":"publish","type":"page","link":"https:\/\/drautrans.co.at\/en\/imprint\/","title":{"rendered":"Imprint"},"content":{"rendered":"<div id='av_section_1'  class='avia-section av-1crh7v-0946b03ced8b7b757909488cbf2c3b6f main_color avia-section-default avia-no-border-styling  avia-builder-el-0  avia-builder-el-no-sibling  avia-bg-style-scroll container_wrap sidebar_right'  ><div class='container av-section-cont-open' ><main  role=\"main\" itemprop=\"mainContentOfPage\"  class='template-page content  av-content-small alpha units'><div class='post-entry post-entry-type-page post-entry-2535'><div class='entry-content-wrapper clearfix'>\n\n<style type=\"text\/css\" data-created_by=\"avia_inline_auto\" id=\"style-css-av-16pe4z-36bb993861e6464ca59a8c27c1ebddaf\">\n#top .hr.hr-invisible.av-16pe4z-36bb993861e6464ca59a8c27c1ebddaf{\nheight:50px;\n}\n<\/style>\n<div  class='hr av-16pe4z-36bb993861e6464ca59a8c27c1ebddaf hr-invisible  avia-builder-el-1  el_before_av_one_full  avia-builder-el-first '><span class='hr-inner '><span class=\"hr-inner-style\"><\/span><\/span><\/div>\n\n<style type=\"text\/css\" data-created_by=\"avia_inline_auto\" id=\"style-css-av-10er6r-21654bc226302eb92510a4c402d6ba03\">\n.flex_column.av-10er6r-21654bc226302eb92510a4c402d6ba03{\nborder-radius:0px 0px 0px 0px;\npadding:0px 0px 0px 0px;\n}\n<\/style>\n<div  class='flex_column av-10er6r-21654bc226302eb92510a4c402d6ba03 av_one_full  avia-builder-el-2  el_after_av_hr  el_before_av_one_full  first flex_column_div av-zero-column-padding  '     ><style type=\"text\/css\" data-created_by=\"avia_inline_auto\" id=\"style-css-av-ky1hy2mv-fbd0efe26a03388f36c54a356b80026a\">\n#top .av-special-heading.av-ky1hy2mv-fbd0efe26a03388f36c54a356b80026a{\npadding-bottom:10px;\n}\nbody .av-special-heading.av-ky1hy2mv-fbd0efe26a03388f36c54a356b80026a .av-special-heading-tag .heading-char{\nfont-size:25px;\n}\n.av-special-heading.av-ky1hy2mv-fbd0efe26a03388f36c54a356b80026a .av-subheading{\nfont-size:15px;\n}\n<\/style>\n<div  class='av-special-heading av-ky1hy2mv-fbd0efe26a03388f36c54a356b80026a av-special-heading-h1 blockquote modern-quote  avia-builder-el-3  avia-builder-el-no-sibling '><h1 class='av-special-heading-tag '  itemprop=\"headline\"  >Imprint<\/h1><div class=\"special-heading-border\"><div class=\"special-heading-inner-border\"><\/div><\/div><\/div><\/div>\n<style type=\"text\/css\" data-created_by=\"avia_inline_auto\" id=\"style-css-av-wu8n7-d1358c6c6e64a5f38498cbad8518a5b1\">\n.flex_column.av-wu8n7-d1358c6c6e64a5f38498cbad8518a5b1{\nborder-radius:0px 0px 0px 0px;\npadding:0px 0px 0px 0px;\n}\n<\/style>\n<div  class='flex_column av-wu8n7-d1358c6c6e64a5f38498cbad8518a5b1 av_one_full  avia-builder-el-4  el_after_av_one_full  el_before_av_hr  first flex_column_div av-zero-column-padding  column-top-margin'     ><section  class='av_textblock_section av-2sfff-3bf09ac2045e978efa6c4ecebbe1d3dd '   itemscope=\"itemscope\" itemtype=\"https:\/\/schema.org\/CreativeWork\" ><div class='avia_textblock'  itemprop=\"text\" ><p><strong>Our imprint is currently available only in German.<\/strong><\/p>\n<h2>DRAUTRANS<\/h2>\n<h3>Speditions- und Transport GmbH<\/h3>\n<p><strong>Adresse:<\/strong> Hart 100, A-9586 F\u00fcrnitz<br \/>\n<strong>Gesch\u00e4ftsf\u00fchrer:<\/strong> Mag. Claudio M\u00fcller<br \/>\n<strong>Telefon:<\/strong> +43 4257 4285-0<br \/>\n<strong>Fax:<\/strong> +43 4257 4285-13<br \/>\n<strong>Web:<\/strong> www.drautrans.co.at<\/p>\n<p><strong>Firmenbuch:<\/strong> 115136v Landesgericht Klagenfurt<br \/>\n<strong>UID-Nummer:<\/strong> ATU36850608<br \/>\n<strong>EORI-Nummer:<\/strong> ATEOS1000000456<\/p>\n<p>WKO-Mitgliedsnr. 6070409<\/p>\n<p><strong>Mail:<\/strong> office@drautrans.co.at<\/p>\n<p><strong>Gerichtsstand:<\/strong> In allen F\u00e4llen Klagenfurt. Es gilt \u00d6sterreichisches Recht.<\/p>\n<p>Wir arbeiten ausschlie\u00dflich aufgrund der &#8220;Allgemeinen \u00d6sterreichischen Spediteurbedingungen&#8221; (A\u00d6Sp), kundgemacht im &#8220;Amtsblatt der Wiener Zeitung&#8221; in der jeweils geltenden Fassung. | We are working according to the &#8220;General Austrian Forwarding Terms and Conditions&#8221; (A\u00d6Sp), latest version published in the &#8220;Wiener Zeitung&#8221;.<\/p>\n<\/div><\/section><\/div>\n<style type=\"text\/css\" data-created_by=\"avia_inline_auto\" id=\"style-css-av-73irf-8d3e67c7dc7c12f3b3b2fbbfc444f090\">\n#top .hr.hr-invisible.av-73irf-8d3e67c7dc7c12f3b3b2fbbfc444f090{\nheight:50px;\n}\n<\/style>\n<div  class='hr av-73irf-8d3e67c7dc7c12f3b3b2fbbfc444f090 hr-invisible  avia-builder-el-6  el_after_av_one_full  avia-builder-el-last '><span class='hr-inner '><span class=\"hr-inner-style\"><\/span><\/span><\/div>\n<\/div><\/div><\/main><!-- close content main element --><\/div><\/div><div id='after_section_1'  class='main_color av_default_container_wrap container_wrap sidebar_right'  ><div class='container av-section-cont-open' ><div class='template-page content  av-content-small alpha units'><div class='post-entry post-entry-type-page post-entry-2535'><div class='entry-content-wrapper clearfix'>\n","protected":false},"excerpt":{"rendered":"","protected":false},"author":3,"featured_media":0,"parent":0,"menu_order":0,"comment_status":"closed","ping_status":"closed","template":"","meta":{"inline_featured_image":false,"footnotes":""},"class_list":["post-2535","page","type-page","status-publish","hentry"],"yoast_head":"<!-- This site is optimized with the Yoast SEO plugin v26.4 - https:\/\/yoast.com\/wordpress\/plugins\/seo\/ -->\n<title>Imprint - DRAUTRANS<\/title>\n<meta name=\"description\" content=\"Phone: +43 4257 4285-0 l Contact us. We are here for you: DRAUTRANS Ihr Logistikspezialist\" \/>\n<meta name=\"robots\" content=\"index, follow, max-snippet:-1, max-image-preview:large, max-video-preview:-1\" \/>\n<link rel=\"canonical\" href=\"https:\/\/drautrans.co.at\/en\/imprint\/\" \/>\n<meta property=\"og:locale\" content=\"en_US\" \/>\n<meta property=\"og:type\" content=\"article\" \/>\n<meta property=\"og:title\" content=\"Imprint - DRAUTRANS\" \/>\n<meta property=\"og:description\" content=\"Phone: +43 4257 4285-0 l Contact us. We are here for you: DRAUTRANS Ihr Logistikspezialist\" \/>\n<meta property=\"og:url\" content=\"https:\/\/drautrans.co.at\/en\/imprint\/\" \/>\n<meta property=\"og:site_name\" content=\"DRAUTRANS\" \/>\n<meta property=\"article:modified_time\" content=\"2022-02-17T09:56:51+00:00\" \/>\n<meta property=\"og:image\" content=\"https:\/\/drautrans.co.at\/wp-content\/uploads\/2022\/02\/drautrans-og-image.jpg\" \/>\n\t<meta property=\"og:image:width\" content=\"1200\" \/>\n\t<meta property=\"og:image:height\" content=\"630\" \/>\n\t<meta property=\"og:image:type\" content=\"image\/jpeg\" \/>\n<meta name=\"twitter:card\" content=\"summary_large_image\" \/>\n<meta name=\"twitter:label1\" content=\"Est. reading time\" \/>\n\t<meta name=\"twitter:data1\" content=\"5 minutes\" \/>\n<script type=\"application\/ld+json\" class=\"yoast-schema-graph\">{\"@context\":\"https:\/\/schema.org\",\"@graph\":[{\"@type\":\"WebPage\",\"@id\":\"https:\/\/drautrans.co.at\/en\/imprint\/\",\"url\":\"https:\/\/drautrans.co.at\/en\/imprint\/\",\"name\":\"Imprint - DRAUTRANS\",\"isPartOf\":{\"@id\":\"https:\/\/drautrans.co.at\/en\/#website\"},\"datePublished\":\"2018-08-21T08:38:15+00:00\",\"dateModified\":\"2022-02-17T09:56:51+00:00\",\"description\":\"Phone: +43 4257 4285-0 l Contact us. We are here for you: DRAUTRANS Ihr Logistikspezialist\",\"breadcrumb\":{\"@id\":\"https:\/\/drautrans.co.at\/en\/imprint\/#breadcrumb\"},\"inLanguage\":\"en-US\",\"potentialAction\":[{\"@type\":\"ReadAction\",\"target\":[\"https:\/\/drautrans.co.at\/en\/imprint\/\"]}]},{\"@type\":\"BreadcrumbList\",\"@id\":\"https:\/\/drautrans.co.at\/en\/imprint\/#breadcrumb\",\"itemListElement\":[{\"@type\":\"ListItem\",\"position\":1,\"name\":\"Startseite\",\"item\":\"https:\/\/drautrans.co.at\/en\/\"},{\"@type\":\"ListItem\",\"position\":2,\"name\":\"Imprint\"}]},{\"@type\":\"WebSite\",\"@id\":\"https:\/\/drautrans.co.at\/en\/#website\",\"url\":\"https:\/\/drautrans.co.at\/en\/\",\"name\":\"DRAUTRANS\",\"description\":\"Transport &amp; Logistik\",\"publisher\":{\"@id\":\"https:\/\/drautrans.co.at\/en\/#organization\"},\"potentialAction\":[{\"@type\":\"SearchAction\",\"target\":{\"@type\":\"EntryPoint\",\"urlTemplate\":\"https:\/\/drautrans.co.at\/en\/?s={search_term_string}\"},\"query-input\":{\"@type\":\"PropertyValueSpecification\",\"valueRequired\":true,\"valueName\":\"search_term_string\"}}],\"inLanguage\":\"en-US\"},{\"@type\":\"Organization\",\"@id\":\"https:\/\/drautrans.co.at\/en\/#organization\",\"name\":\"DRAUTRANS Speditions- und Transport GmbH\",\"url\":\"https:\/\/drautrans.co.at\/en\/\",\"logo\":{\"@type\":\"ImageObject\",\"inLanguage\":\"en-US\",\"@id\":\"https:\/\/drautrans.co.at\/en\/#\/schema\/logo\/image\/\",\"url\":\"https:\/\/drautrans.co.at\/wp-content\/uploads\/2022\/02\/drautrans-logo-line-blue.svg\",\"contentUrl\":\"https:\/\/drautrans.co.at\/wp-content\/uploads\/2022\/02\/drautrans-logo-line-blue.svg\",\"width\":1030,\"height\":1030,\"caption\":\"DRAUTRANS Speditions- und Transport GmbH\"},\"image\":{\"@id\":\"https:\/\/drautrans.co.at\/en\/#\/schema\/logo\/image\/\"}}]}<\/script>\n<!-- \/ Yoast SEO plugin. -->","yoast_head_json":{"title":"Imprint - DRAUTRANS","description":"Phone: +43 4257 4285-0 l Contact us. We are here for you: DRAUTRANS Ihr Logistikspezialist","robots":{"index":"index","follow":"follow","max-snippet":"max-snippet:-1","max-image-preview":"max-image-preview:large","max-video-preview":"max-video-preview:-1"},"canonical":"https:\/\/drautrans.co.at\/en\/imprint\/","og_locale":"en_US","og_type":"article","og_title":"Imprint - DRAUTRANS","og_description":"Phone: +43 4257 4285-0 l Contact us. We are here for you: DRAUTRANS Ihr Logistikspezialist","og_url":"https:\/\/drautrans.co.at\/en\/imprint\/","og_site_name":"DRAUTRANS","article_modified_time":"2022-02-17T09:56:51+00:00","og_image":[{"width":1200,"height":630,"url":"https:\/\/drautrans.co.at\/wp-content\/uploads\/2022\/02\/drautrans-og-image.jpg","type":"image\/jpeg"}],"twitter_card":"summary_large_image","twitter_misc":{"Est. reading time":"5 minutes"},"schema":{"@context":"https:\/\/schema.org","@graph":[{"@type":"WebPage","@id":"https:\/\/drautrans.co.at\/en\/imprint\/","url":"https:\/\/drautrans.co.at\/en\/imprint\/","name":"Imprint - DRAUTRANS","isPartOf":{"@id":"https:\/\/drautrans.co.at\/en\/#website"},"datePublished":"2018-08-21T08:38:15+00:00","dateModified":"2022-02-17T09:56:51+00:00","description":"Phone: +43 4257 4285-0 l Contact us. We are here for you: DRAUTRANS Ihr Logistikspezialist","breadcrumb":{"@id":"https:\/\/drautrans.co.at\/en\/imprint\/#breadcrumb"},"inLanguage":"en-US","potentialAction":[{"@type":"ReadAction","target":["https:\/\/drautrans.co.at\/en\/imprint\/"]}]},{"@type":"BreadcrumbList","@id":"https:\/\/drautrans.co.at\/en\/imprint\/#breadcrumb","itemListElement":[{"@type":"ListItem","position":1,"name":"Startseite","item":"https:\/\/drautrans.co.at\/en\/"},{"@type":"ListItem","position":2,"name":"Imprint"}]},{"@type":"WebSite","@id":"https:\/\/drautrans.co.at\/en\/#website","url":"https:\/\/drautrans.co.at\/en\/","name":"DRAUTRANS","description":"Transport &amp; Logistik","publisher":{"@id":"https:\/\/drautrans.co.at\/en\/#organization"},"potentialAction":[{"@type":"SearchAction","target":{"@type":"EntryPoint","urlTemplate":"https:\/\/drautrans.co.at\/en\/?s={search_term_string}"},"query-input":{"@type":"PropertyValueSpecification","valueRequired":true,"valueName":"search_term_string"}}],"inLanguage":"en-US"},{"@type":"Organization","@id":"https:\/\/drautrans.co.at\/en\/#organization","name":"DRAUTRANS Speditions- und Transport GmbH","url":"https:\/\/drautrans.co.at\/en\/","logo":{"@type":"ImageObject","inLanguage":"en-US","@id":"https:\/\/drautrans.co.at\/en\/#\/schema\/logo\/image\/","url":"https:\/\/drautrans.co.at\/wp-content\/uploads\/2022\/02\/drautrans-logo-line-blue.svg","contentUrl":"https:\/\/drautrans.co.at\/wp-content\/uploads\/2022\/02\/drautrans-logo-line-blue.svg","width":1030,"height":1030,"caption":"DRAUTRANS Speditions- und Transport GmbH"},"image":{"@id":"https:\/\/drautrans.co.at\/en\/#\/schema\/logo\/image\/"}}]}},"_links":{"self":[{"href":"https:\/\/drautrans.co.at\/en\/wp-json\/wp\/v2\/pages\/2535","targetHints":{"allow":["GET"]}}],"collection":[{"href":"https:\/\/drautrans.co.at\/en\/wp-json\/wp\/v2\/pages"}],"about":[{"href":"https:\/\/drautrans.co.at\/en\/wp-json\/wp\/v2\/types\/page"}],"author":[{"embeddable":true,"href":"https:\/\/drautrans.co.at\/en\/wp-json\/wp\/v2\/users\/3"}],"replies":[{"embeddable":true,"href":"https:\/\/drautrans.co.at\/en\/wp-json\/wp\/v2\/comments?post=2535"}],"version-history":[{"count":5,"href":"https:\/\/drautrans.co.at\/en\/wp-json\/wp\/v2\/pages\/2535\/revisions"}],"predecessor-version":[{"id":2914,"href":"https:\/\/drautrans.co.at\/en\/wp-json\/wp\/v2\/pages\/2535\/revisions\/2914"}],"wp:attachment":[{"href":"https:\/\/drautrans.co.at\/en\/wp-json\/wp\/v2\/media?parent=2535"}],"curies":[{"name":"wp","href":"https:\/\/api.w.org\/{rel}","templated":true}]}}